{"id":7326,"date":"2024-10-21T10:36:13","date_gmt":"2024-10-21T10:36:13","guid":{"rendered":"https:\/\/intoleranzkompass.de\/?page_id=7326"},"modified":"2025-05-31T07:51:10","modified_gmt":"2025-05-31T07:51:10","slug":"hpu","status":"publish","type":"page","link":"https:\/\/intoleranzkompass.de\/?page_id=7326","title":{"rendered":"HPU"},"content":{"rendered":"<p>[et_pb_section fb_built=&#8220;1&#8243; fullwidth=&#8220;on&#8220; _builder_version=&#8220;4.16&#8243; _module_preset=&#8220;default&#8220; locked=&#8220;off&#8220; global_colors_info=&#8220;{}&#8220;][et_pb_fullwidth_header title=&#8220;HPU &#8211; H\u00e4mopyrrollaktamurie&#8220; text_orientation=&#8220;center&#8220; background_overlay_color=&#8220;rgba(170,169,155,0.63)&#8220; content_max_width=&#8220;55%&#8220; _builder_version=&#8220;4.27.2&#8243; _module_preset=&#8220;default&#8220; title_font=&#8220;Gilda Display||||||||&#8220; title_font_size=&#8220;42px&#8220; background_enable_color=&#8220;off&#8220; background_image=&#8220;https:\/\/intoleranzkompass.de\/wp-content\/uploads\/2024\/07\/kaboompics_pure-water-glass-jug-with-a-natural-design-naturally-shaped-glass-tumbler-26597-scaled.jpg&#8220; background_position=&#8220;center_right&#8220; custom_button_one=&#8220;on&#8220; button_one_bg_color=&#8220;#DDAC94&#8243; button_one_use_icon=&#8220;off&#8220; button_one_custom_padding=&#8220;15px|30px|15px|30px|false|false&#8220; custom_button_two=&#8220;on&#8220; button_two_bg_color=&#8220;#DDAC94&#8243; button_two_use_icon=&#8220;off&#8220; button_two_custom_padding=&#8220;15px|30px|15px|30px|false|false&#8220; module_alignment=&#8220;center&#8220; global_colors_info=&#8220;{}&#8220; button_two_bg_color__hover_enabled=&#8220;on|hover&#8220; button_two_bg_color__hover=&#8220;#AAA99B&#8220; button_two_bg_enable_color__hover=&#8220;on&#8220; button_one_bg_color__hover_enabled=&#8220;on|hover&#8220; button_one_bg_color__hover=&#8220;#6D7975&#8243; button_one_bg_enable_color__hover=&#8220;on&#8220;]<\/p>\n<p><span>Was das ist, woher das kommt &amp; wie du damit umgehen kannst<\/span><\/p>\n<p>[\/et_pb_fullwidth_header][\/et_pb_section][et_pb_section fb_built=&#8220;1&#8243; admin_label=&#8220;section&#8220; _builder_version=&#8220;4.27.2&#8243; background_color=&#8220;#f8f8f8&#8243; global_colors_info=&#8220;{}&#8220;][et_pb_row admin_label=&#8220;row&#8220; _builder_version=&#8220;4.16&#8243; background_size=&#8220;initial&#8220; background_position=&#8220;top_left&#8220; background_repeat=&#8220;repeat&#8220; global_colors_info=&#8220;{}&#8220;][et_pb_column type=&#8220;4_4&#8243; _builder_version=&#8220;4.16&#8243; custom_padding=&#8220;|||&#8220; global_colors_info=&#8220;{}&#8220; custom_padding__hover=&#8220;|||&#8220;][et_pb_text _builder_version=&#8220;4.27.2&#8243; _module_preset=&#8220;default&#8220; header_font=&#8220;Gilda Display||||||||&#8220; header_2_font=&#8220;Gilda Display||||||||&#8220; locked=&#8220;off&#8220; global_colors_info=&#8220;{}&#8220;]<\/p>\n<h1><strong>Was ist HPU (H\u00e4mopyrrollaktamurie)?<\/strong><\/h1>\n<p>[\/et_pb_text][et_pb_text _builder_version=&#8220;4.27.2&#8243; _module_preset=&#8220;default&#8220; global_colors_info=&#8220;{}&#8220;]<\/p>\n<p>H\u00e4mopyrrollaktamurie (HPU) ist eine Stoffwechselst\u00f6rung, die oft mit einer <strong>Vielzahl von k\u00f6rperlichen und psychischen Symptomen<\/strong> einhergeht. Obwohl HPU noch nicht weit verbreitet bekannt ist, betrifft sie viele Menschen und kann erheblichen Einfluss auf die Lebensqualit\u00e4t haben. In diesem Beitrag werfen wir einen Blick auf die Ursachen, Symptome und m\u00f6gliche Behandlungsans\u00e4tze von HPU.<\/p>\n<p>[\/et_pb_text][\/et_pb_column][\/et_pb_row][et_pb_row admin_label=&#8220;row&#8220; _builder_version=&#8220;4.16&#8243; background_size=&#8220;initial&#8220; background_position=&#8220;top_left&#8220; background_repeat=&#8220;repeat&#8220; global_colors_info=&#8220;{}&#8220;][et_pb_column type=&#8220;4_4&#8243; _builder_version=&#8220;4.16&#8243; custom_padding=&#8220;|||&#8220; global_colors_info=&#8220;{}&#8220; custom_padding__hover=&#8220;|||&#8220;][et_pb_text _builder_version=&#8220;4.27.2&#8243; _module_preset=&#8220;default&#8220; header_font=&#8220;Gilda Display||||||||&#8220; header_2_font=&#8220;Gilda Display||||||||&#8220; locked=&#8220;off&#8220; global_colors_info=&#8220;{}&#8220;]<\/p>\n<h1><strong>Was passiert bei einer HPU im K\u00f6rper?<\/strong><\/h1>\n<p>[\/et_pb_text][et_pb_text _builder_version=&#8220;4.27.2&#8243; _module_preset=&#8220;default&#8220; global_colors_info=&#8220;{}&#8220;]<\/p>\n<p>Bei einer HPU ist der H\u00e4m-Stoffwechsel gest\u00f6rt. Ein H\u00e4m ist unter anderem Bestandteil des H\u00e4moglobin-Molek\u00fcls, welches Sauerstoff in K\u00f6rperzellen transportiert. Das ist f\u00fcr unsere <strong>Energiegewinnung<\/strong> <strong>und k\u00f6rpereigenen Entgiftung sehr wichtig.<\/strong><\/p>\n<p>Bei HPU Betroffenen wird neben dem normalem, auch ein fehlerhaftes H\u00e4m gebildet. <strong>Dies kann vom K\u00f6rper nicht verwendet werden und wird \u00fcber Urin ausgeschieden. <\/strong>Der K\u00f6rper ben\u00f6tigt zur Ausscheidung jedoch eine sehr hohe Menge Zink und aktives Vitamin B6. Dies hat zur Folge, dass die N\u00e4hrstoffe kaum noch im K\u00f6rper vorhanden sind und es <strong>zu Mangelerscheinungen<\/strong> kommt. So entstehen weitere Symptome und Erkrankungen.<\/p>\n<p>[\/et_pb_text][\/et_pb_column][\/et_pb_row][et_pb_row admin_label=&#8220;row&#8220; _builder_version=&#8220;4.16&#8243; background_size=&#8220;initial&#8220; background_position=&#8220;top_left&#8220; background_repeat=&#8220;repeat&#8220; global_colors_info=&#8220;{}&#8220;][et_pb_column type=&#8220;4_4&#8243; _builder_version=&#8220;4.16&#8243; custom_padding=&#8220;|||&#8220; global_colors_info=&#8220;{}&#8220; custom_padding__hover=&#8220;|||&#8220;][et_pb_text _builder_version=&#8220;4.27.2&#8243; _module_preset=&#8220;default&#8220; header_font=&#8220;Gilda Display||||||||&#8220; header_2_font=&#8220;Gilda Display||||||||&#8220; locked=&#8220;off&#8220; global_colors_info=&#8220;{}&#8220;]<\/p>\n<h1><strong>Typische Symptome von HPU<\/strong><\/h1>\n<p>[\/et_pb_text][et_pb_text _builder_version=&#8220;4.27.2&#8243; _module_preset=&#8220;default&#8220; header_2_font=&#8220;margot||||||||&#8220; header_2_text_align=&#8220;center&#8220; header_2_font_size=&#8220;45px&#8220; global_colors_info=&#8220;{}&#8220;]<\/p>\n<table border=\"1\" style=\"border-collapse: collapse; width: 100%; height: 48px;\">\n<tbody>\n<tr style=\"height: 24px;\">\n<td style=\"width: 50%; height: 24px;\">\n<h2>K\u00f6rperliche Symptome<\/h2>\n<\/td>\n<td style=\"width: 50%; height: 24px;\">\n<h2>Psychische Symptome<\/h2>\n<\/td>\n<\/tr>\n<tr style=\"height: 24px;\">\n<td style=\"width: 50%; height: 24px;\">\n<ul>\n<li>M\u00fcdigkeit und Ersch\u00f6pfung<\/li>\n<li>schnelle Ersch\u00f6pfung, geringe Belastbarkeit<\/li>\n<li>Hautprobleme (z. B. Akne, Ekzeme)<\/li>\n<li>Nahrungsmittel Unvertr\u00e4glichkeiten (Histaminintoleranz, Gluten-Unvetr\u00e4glichkeit, Laktose-Intoleranz, Fructose-Malabsorbtion)<\/li>\n<li>Magen-Darm Beschwerden<\/li>\n<li>Schilddr\u00fcsen St\u00f6rungen wie Hashimoto<\/li>\n<li>PMS<\/li>\n<li>Schlafprobleme<\/li>\n<li>Licht-, Geruchs- und Ger\u00e4uschempfindlichkeit<\/li>\n<li>Kopfschmerzen \/ Migr\u00e4ne<\/li>\n<\/ul>\n<\/td>\n<td style=\"width: 50%; height: 24px;\">\n<ul>\n<li>depressive Verstimmung<\/li>\n<li>Angstzust\u00e4nde<\/li>\n<li>Konzentrationsschwierigkeiten<\/li>\n<li>Reizbarkeit, emotionale Instabilit\u00e4t, Stimmungsschwankungen<\/li>\n<li>Stressempfindlichkeit<\/li>\n<li>schlechtes Kurzzeitged\u00e4chtnis, Vergesslichkeit<\/li>\n<li>schlechte bis keine Traumerrinerung<\/li>\n<\/ul>\n<\/td>\n<\/tr>\n<\/tbody>\n<\/table>\n<p>[\/et_pb_text][\/et_pb_column][\/et_pb_row][et_pb_row admin_label=&#8220;row&#8220; _builder_version=&#8220;4.16&#8243; background_size=&#8220;initial&#8220; background_position=&#8220;top_left&#8220; background_repeat=&#8220;repeat&#8220; global_colors_info=&#8220;{}&#8220;][et_pb_column type=&#8220;4_4&#8243; _builder_version=&#8220;4.16&#8243; custom_padding=&#8220;|||&#8220; global_colors_info=&#8220;{}&#8220; custom_padding__hover=&#8220;|||&#8220;][et_pb_text _builder_version=&#8220;4.27.2&#8243; _module_preset=&#8220;default&#8220; header_font=&#8220;Gilda Display||||||||&#8220; header_2_font=&#8220;Gilda Display||||||||&#8220; locked=&#8220;off&#8220; global_colors_info=&#8220;{}&#8220;]<\/p>\n<h1><strong>Wie kommt es zu einer HPU?<\/strong><\/h1>\n<p>[\/et_pb_text][et_pb_text _builder_version=&#8220;4.27.2&#8243; _module_preset=&#8220;default&#8220; global_colors_info=&#8220;{}&#8220;]<\/p>\n<p>HPU entsteht durch eine Fehlfunktion des H\u00e4m-Stoffwechsels. H\u00e4m ist ein wichtiger Bestandteil des H\u00e4moglobins, das f\u00fcr den Sauerstofftransport im Blut verantwortlich ist. Bei Menschen mit HPU wird das H\u00e4m nicht richtig abgebaut, was zu einer erh\u00f6hten Ausscheidung von Pyrrolen im Urin f\u00fchrt.<\/p>\n<p>Diese Pyrrole k\u00f6nnen das Bindegewebe sch\u00e4digen und den Mineralstoffhaushalt im K\u00f6rper st\u00f6ren, was wiederum zu einem Mangel an wichtigen N\u00e4hrstoffen wie Zink und Vitamin B6 f\u00fchrt.<\/p>\n<p>[\/et_pb_text][\/et_pb_column][\/et_pb_row][et_pb_row admin_label=&#8220;row&#8220; _builder_version=&#8220;4.16&#8243; background_size=&#8220;initial&#8220; background_position=&#8220;top_left&#8220; background_repeat=&#8220;repeat&#8220; global_colors_info=&#8220;{}&#8220;][et_pb_column type=&#8220;4_4&#8243; _builder_version=&#8220;4.16&#8243; custom_padding=&#8220;|||&#8220; global_colors_info=&#8220;{}&#8220; custom_padding__hover=&#8220;|||&#8220;][et_pb_text _builder_version=&#8220;4.27.2&#8243; _module_preset=&#8220;default&#8220; header_font=&#8220;Gilda Display||||||||&#8220; header_2_font=&#8220;Gilda Display||||||||&#8220; locked=&#8220;off&#8220; global_colors_info=&#8220;{}&#8220;]<\/p>\n<h1><strong>Wie kann ich eine HPU diagnostizieren lassen?<\/strong><\/h1>\n<p>[\/et_pb_text][et_pb_text _builder_version=&#8220;4.27.2&#8243; _module_preset=&#8220;default&#8220; global_colors_info=&#8220;{}&#8220;]<\/p>\n<p>Wenn du dich aufgrund der beschriebenen Symptome angesprochen f\u00fchlst, kannst du <span style=\"text-decoration: underline;\"><a href=\"https:\/www.keac.nl\/wp-content\/vragenlijst\/fragebogen.html\">diesen HPU-Fragebogen<\/a><\/span> ausf\u00fcllen. F\u00e4llt das Ergebnis \u00fcberwiegend positiv aus, k\u00f6nnte es sinnvoll sein, einen HPU-Test durchzuf\u00fchren. Du kannst zwischen einem Morgenurin-Test (Kosten: etwa 60 \u20ac) oder einem 24-Stunden-Urin-Test (Kosten: etwa 70 \u20ac) w\u00e4hlen.<\/p>\n<p>[\/et_pb_text][et_pb_text _builder_version=&#8220;4.27.4&#8243; _module_preset=&#8220;default&#8220; header_font=&#8220;Gilda Display||||||||&#8220; header_2_font=&#8220;Gilda Display||||||||&#8220; hover_enabled=&#8220;0&#8243; locked=&#8220;off&#8220; global_colors_info=&#8220;{}&#8220; sticky_enabled=&#8220;0&#8243;]<\/p>\n<h1><strong>Ern\u00e4hrungstipps bei HPU\u00a0<\/strong><\/h1>\n<p>[\/et_pb_text][et_pb_text _builder_version=&#8220;4.27.2&#8243; _module_preset=&#8220;default&#8220; global_colors_info=&#8220;{}&#8220;]<\/p>\n<p>Wenn du dich aufgrund der beschriebenen Symptome angesprochen f\u00fchlst, kannst du <span style=\"text-decoration: underline;\"><a href=\"https:\/www.keac.nl\/wp-content\/vragenlijst\/fragebogen.html\">diesen HPU-Fragebogen<\/a><\/span> ausf\u00fcllen. F\u00e4llt das Ergebnis \u00fcberwiegend positiv aus, k\u00f6nnte es sinnvoll sein, einen HPU-Test durchzuf\u00fchren. Du kannst zwischen einem Morgenurin-Test (Kosten: etwa 60 \u20ac) oder einem 24-Stunden-Urin-Test (Kosten: etwa 70 \u20ac) w\u00e4hlen.<\/p>\n<p>[\/et_pb_text][et_pb_cta title=&#8220;Haftungsausschluss&#8220; button_text=&#8220;mehr lesen&#8220; _builder_version=&#8220;4.27.2&#8243; _module_preset=&#8220;default&#8220; header_font=&#8220;Gilda Display||||||||&#8220; background_color=&#8220;#f9f8f2&#8243; custom_button=&#8220;on&#8220; background_layout=&#8220;light&#8220; locked=&#8220;off&#8220; global_colors_info=&#8220;{}&#8220;]<\/p>\n<p style=\"text-align: justify;\">Dieser Beitrag behandelt ein Gesundheitsthema. Es ist wichtig, dass du deine Symptome von medizinischem Fachpersonal untersuchen und behandeln l\u00e4sst. Dieser Artikel kann die Betreuung und Beratung durch Fachleute nicht ersetzen und hat auch nicht die Absicht dazu.<\/p>\n<p style=\"text-align: justify;\">Die Informationen in diesem Beitrag dienen lediglich der neutralen Aufkl\u00e4rung und allgemeinen Weiterbildung. Es wird weder Vollst\u00e4ndigkeit noch die Aktualit\u00e4t, Richtigkeit und Ausgewogenheit der Inhalte garantiert. Diese Texte sind kein Ersatz f\u00fcr die professionelle Beratung durch einen Arzt oder Apotheker und sollten nicht als Grundlage f\u00fcr eine selbstst\u00e4ndige Diagnose oder f\u00fcr den Beginn, die \u00c4nderung oder das Ende einer Behandlung von Krankheiten verwendet werden. Bei gesundheitlichen Fragen oder Beschwerden wende dich bitte immer an deinen Arzt! Ich \u00fcbernehme keine Verantwortung f\u00fcr Unannehmlichkeiten oder Sch\u00e4den, die aus der Nutzung der bereitgestellten Informationen resultieren.<\/p>\n<p>[\/et_pb_cta][et_pb_divider _builder_version=&#8220;4.27.2&#8243; _module_preset=&#8220;default&#8220; global_colors_info=&#8220;{}&#8220;][\/et_pb_divider][\/et_pb_column][\/et_pb_row][et_pb_row _builder_version=&#8220;4.27.0&#8243; _module_preset=&#8220;default&#8220; global_colors_info=&#8220;{}&#8220;][et_pb_column type=&#8220;4_4&#8243; _builder_version=&#8220;4.27.0&#8243; _module_preset=&#8220;default&#8220; global_colors_info=&#8220;{}&#8220;][et_pb_text _builder_version=&#8220;4.27.2&#8243; _module_preset=&#8220;default&#8220; header_3_font=&#8220;Gilda Display|700|||||||&#8220; global_colors_info=&#8220;{}&#8220;]<\/p>\n<h3>Quellen<\/h3>\n<p><a href=\"https:\/\/www.viktilabs.de\/blogs\/magazin\/hpu\">https:\/\/www.viktilabs.de\/blogs\/magazin\/hpu<\/a><\/p>\n<blockquote class=\"wp-embedded-content\" data-secret=\"1jGDmKzfSU\"><p><a href=\"https:\/\/hpuandyou.de\/\">HPU verstehen<\/a><\/p><\/blockquote>\n<p><iframe loading=\"lazy\" class=\"wp-embedded-content\" sandbox=\"allow-scripts\" security=\"restricted\" style=\"position: absolute; visibility: hidden;\" title=\"&#8222;HPU verstehen&#8220; &#8212; HPU and You\" src=\"https:\/\/hpuandyou.de\/embed\/#?secret=ql18yAQJOO#?secret=1jGDmKzfSU\" data-secret=\"1jGDmKzfSU\" width=\"600\" height=\"338\" frameborder=\"0\" marginwidth=\"0\" marginheight=\"0\" scrolling=\"no\"><\/iframe><\/p>\n<p><a href=\"http:\/\/www.frauenaerztin-dr-jacob.de\/praeventivmedizin\/hpu-kpu\/hpu-kpu-haemopyrrollaktamurie-stoffwechselstoerung.php#:~:text=Allgemeine%20Symptome%20wie%20Schw%C3%A4che%2C%20Energiemangel,chronische%20M%C3%BCdigkeit%2C%20Schlafst%C3%B6rungen%2C%20Gewichtsst%C3%B6rungen\">http:\/\/www.frauenaerztin-dr-jacob.de\/praeventivmedizin\/hpu-kpu\/hpu-kpu-haemopyrrollaktamurie-stoffwechselstoerung.php#:~:text=Allgemeine%20Symptome%20wie%20Schw%C3%A4che%2C%20Energiemangel,chronische%20M%C3%BCdigkeit%2C%20Schlafst%C3%B6rungen%2C%20Gewichtsst%C3%B6rungen<\/a><\/p>\n<p>&nbsp;<\/p>\n<p>[\/et_pb_text][\/et_pb_column][\/et_pb_row][\/et_pb_section]<\/p>\n","protected":false},"excerpt":{"rendered":"<p>Was das ist, woher das kommt &amp; wie du damit umgehen kannstWas ist HPU (H\u00e4mopyrrollaktamurie)?H\u00e4mopyrrollaktamurie (HPU) ist eine Stoffwechselst\u00f6rung, die oft mit einer Vielzahl von k\u00f6rperlichen und psychischen Symptomen einhergeht. Obwohl HPU noch nicht weit verbreitet bekannt ist, betrifft sie viele Menschen und kann erheblichen Einfluss auf die Lebensqualit\u00e4t haben. In diesem Beitrag werfen wir [&hellip;]<\/p>\n","protected":false},"author":1,"featured_media":0,"parent":0,"menu_order":0,"comment_status":"closed","ping_status":"closed","template":"","meta":{"_et_pb_use_builder":"on","_et_pb_old_content":"","_et_gb_content_width":"","om_disable_all_campaigns":false,"_monsterinsights_skip_tracking":false,"_monsterinsights_sitenote_active":false,"_monsterinsights_sitenote_note":"","_monsterinsights_sitenote_category":0,"footnotes":""},"class_list":["post-7326","page","type-page","status-publish","hentry"],"yoast_head":"<!-- This site is optimized with the Yoast SEO plugin v27.6 - https:\/\/yoast.com\/product\/yoast-seo-wordpress\/ -->\n<title>HPU | Ern&auml;hrungsberatung<\/title>\n<meta name=\"description\" content=\"Individuelle Ern\u00e4hrungsberatung bei Histamin, Gluten &amp; Co. in Dortmund, Essen, Witten &amp; Bochum \u2013 auch online. Jetzt Termin sichern.\" \/>\n<meta name=\"robots\" content=\"index, follow, max-snippet:-1, max-image-preview:large, max-video-preview:-1\" \/>\n<link rel=\"canonical\" href=\"https:\/\/intoleranzkompass.de\/?page_id=7326\" \/>\n<meta property=\"og:locale\" content=\"de_DE\" \/>\n<meta property=\"og:type\" content=\"article\" \/>\n<meta property=\"og:title\" content=\"HPU | Ern&auml;hrungsberatung\" \/>\n<meta property=\"og:description\" content=\"Individuelle Ern\u00e4hrungsberatung bei Histamin, Gluten &amp; Co. in Dortmund, Essen, Witten &amp; Bochum \u2013 auch online. Jetzt Termin sichern.\" \/>\n<meta property=\"og:url\" content=\"https:\/\/intoleranzkompass.de\/?page_id=7326\" \/>\n<meta property=\"og:site_name\" content=\"Ern&auml;hrungsberatung\" \/>\n<meta property=\"article:modified_time\" content=\"2025-05-31T07:51:10+00:00\" \/>\n<meta name=\"twitter:card\" content=\"summary_large_image\" \/>\n<meta name=\"twitter:label1\" content=\"Gesch\u00e4tzte Lesezeit\" \/>\n\t<meta name=\"twitter:data1\" content=\"7\u00a0Minuten\" \/>\n<script type=\"application\/ld+json\" class=\"yoast-schema-graph\">{\"@context\":\"https:\\\/\\\/schema.org\",\"@graph\":[{\"@type\":\"WebPage\",\"@id\":\"https:\\\/\\\/intoleranzkompass.de\\\/?page_id=7326\",\"url\":\"https:\\\/\\\/intoleranzkompass.de\\\/?page_id=7326\",\"name\":\"HPU | Ern&auml;hrungsberatung\",\"isPartOf\":{\"@id\":\"https:\\\/\\\/intoleranzkompass.de\\\/#website\"},\"datePublished\":\"2024-10-21T10:36:13+00:00\",\"dateModified\":\"2025-05-31T07:51:10+00:00\",\"description\":\"Individuelle Ern\u00e4hrungsberatung bei Histamin, Gluten & Co. in Dortmund, Essen, Witten & Bochum \u2013 auch online. Jetzt Termin sichern.\",\"breadcrumb\":{\"@id\":\"https:\\\/\\\/intoleranzkompass.de\\\/?page_id=7326#breadcrumb\"},\"inLanguage\":\"de\",\"potentialAction\":[{\"@type\":\"ReadAction\",\"target\":[\"https:\\\/\\\/intoleranzkompass.de\\\/?page_id=7326\"]}]},{\"@type\":\"BreadcrumbList\",\"@id\":\"https:\\\/\\\/intoleranzkompass.de\\\/?page_id=7326#breadcrumb\",\"itemListElement\":[{\"@type\":\"ListItem\",\"position\":1,\"name\":\"Startseite\",\"item\":\"https:\\\/\\\/intoleranzkompass.de\\\/\"},{\"@type\":\"ListItem\",\"position\":2,\"name\":\"HPU\"}]},{\"@type\":\"WebSite\",\"@id\":\"https:\\\/\\\/intoleranzkompass.de\\\/#website\",\"url\":\"https:\\\/\\\/intoleranzkompass.de\\\/\",\"name\":\"Ern\u00e4hrungsberatung bei Intoleranzen & Unvertr\u00e4glichkeiten\",\"description\":\"Intoleranzen und Unvertr&auml;glichkeiten\",\"publisher\":{\"@id\":\"https:\\\/\\\/intoleranzkompass.de\\\/#\\\/schema\\\/person\\\/fe7639a6b3acc8a188bc547fded359cd\"},\"alternateName\":\"Intoleranzen & Unvertr\u00e4glichkeiten\",\"potentialAction\":[{\"@type\":\"SearchAction\",\"target\":{\"@type\":\"EntryPoint\",\"urlTemplate\":\"https:\\\/\\\/intoleranzkompass.de\\\/?s={search_term_string}\"},\"query-input\":{\"@type\":\"PropertyValueSpecification\",\"valueRequired\":true,\"valueName\":\"search_term_string\"}}],\"inLanguage\":\"de\"},{\"@type\":[\"Person\",\"Organization\"],\"@id\":\"https:\\\/\\\/intoleranzkompass.de\\\/#\\\/schema\\\/person\\\/fe7639a6b3acc8a188bc547fded359cd\",\"name\":\"admin\",\"image\":{\"@type\":\"ImageObject\",\"inLanguage\":\"de\",\"@id\":\"https:\\\/\\\/intoleranzkompass.de\\\/wp-content\\\/uploads\\\/2025\\\/05\\\/Intoleranz.png\",\"url\":\"https:\\\/\\\/intoleranzkompass.de\\\/wp-content\\\/uploads\\\/2025\\\/05\\\/Intoleranz.png\",\"contentUrl\":\"https:\\\/\\\/intoleranzkompass.de\\\/wp-content\\\/uploads\\\/2025\\\/05\\\/Intoleranz.png\",\"width\":500,\"height\":500,\"caption\":\"admin\"},\"logo\":{\"@id\":\"https:\\\/\\\/intoleranzkompass.de\\\/wp-content\\\/uploads\\\/2025\\\/05\\\/Intoleranz.png\"},\"sameAs\":[\"https:\\\/\\\/intoleranzkompass.de\"]}]}<\/script>\n<!-- \/ Yoast SEO plugin. -->","yoast_head_json":{"title":"HPU | Ern&auml;hrungsberatung","description":"Individuelle Ern\u00e4hrungsberatung bei Histamin, Gluten & Co. in Dortmund, Essen, Witten & Bochum \u2013 auch online. Jetzt Termin sichern.","robots":{"index":"index","follow":"follow","max-snippet":"max-snippet:-1","max-image-preview":"max-image-preview:large","max-video-preview":"max-video-preview:-1"},"canonical":"https:\/\/intoleranzkompass.de\/?page_id=7326","og_locale":"de_DE","og_type":"article","og_title":"HPU | Ern&auml;hrungsberatung","og_description":"Individuelle Ern\u00e4hrungsberatung bei Histamin, Gluten & Co. in Dortmund, Essen, Witten & Bochum \u2013 auch online. Jetzt Termin sichern.","og_url":"https:\/\/intoleranzkompass.de\/?page_id=7326","og_site_name":"Ern&auml;hrungsberatung","article_modified_time":"2025-05-31T07:51:10+00:00","twitter_card":"summary_large_image","twitter_misc":{"Gesch\u00e4tzte Lesezeit":"7\u00a0Minuten"},"schema":{"@context":"https:\/\/schema.org","@graph":[{"@type":"WebPage","@id":"https:\/\/intoleranzkompass.de\/?page_id=7326","url":"https:\/\/intoleranzkompass.de\/?page_id=7326","name":"HPU | Ern&auml;hrungsberatung","isPartOf":{"@id":"https:\/\/intoleranzkompass.de\/#website"},"datePublished":"2024-10-21T10:36:13+00:00","dateModified":"2025-05-31T07:51:10+00:00","description":"Individuelle Ern\u00e4hrungsberatung bei Histamin, Gluten & Co. in Dortmund, Essen, Witten & Bochum \u2013 auch online. Jetzt Termin sichern.","breadcrumb":{"@id":"https:\/\/intoleranzkompass.de\/?page_id=7326#breadcrumb"},"inLanguage":"de","potentialAction":[{"@type":"ReadAction","target":["https:\/\/intoleranzkompass.de\/?page_id=7326"]}]},{"@type":"BreadcrumbList","@id":"https:\/\/intoleranzkompass.de\/?page_id=7326#breadcrumb","itemListElement":[{"@type":"ListItem","position":1,"name":"Startseite","item":"https:\/\/intoleranzkompass.de\/"},{"@type":"ListItem","position":2,"name":"HPU"}]},{"@type":"WebSite","@id":"https:\/\/intoleranzkompass.de\/#website","url":"https:\/\/intoleranzkompass.de\/","name":"Ern\u00e4hrungsberatung bei Intoleranzen & Unvertr\u00e4glichkeiten","description":"Intoleranzen und Unvertr&auml;glichkeiten","publisher":{"@id":"https:\/\/intoleranzkompass.de\/#\/schema\/person\/fe7639a6b3acc8a188bc547fded359cd"},"alternateName":"Intoleranzen & Unvertr\u00e4glichkeiten","potentialAction":[{"@type":"SearchAction","target":{"@type":"EntryPoint","urlTemplate":"https:\/\/intoleranzkompass.de\/?s={search_term_string}"},"query-input":{"@type":"PropertyValueSpecification","valueRequired":true,"valueName":"search_term_string"}}],"inLanguage":"de"},{"@type":["Person","Organization"],"@id":"https:\/\/intoleranzkompass.de\/#\/schema\/person\/fe7639a6b3acc8a188bc547fded359cd","name":"admin","image":{"@type":"ImageObject","inLanguage":"de","@id":"https:\/\/intoleranzkompass.de\/wp-content\/uploads\/2025\/05\/Intoleranz.png","url":"https:\/\/intoleranzkompass.de\/wp-content\/uploads\/2025\/05\/Intoleranz.png","contentUrl":"https:\/\/intoleranzkompass.de\/wp-content\/uploads\/2025\/05\/Intoleranz.png","width":500,"height":500,"caption":"admin"},"logo":{"@id":"https:\/\/intoleranzkompass.de\/wp-content\/uploads\/2025\/05\/Intoleranz.png"},"sameAs":["https:\/\/intoleranzkompass.de"]}]}},"jetpack_sharing_enabled":true,"_links":{"self":[{"href":"https:\/\/intoleranzkompass.de\/index.php?rest_route=\/wp\/v2\/pages\/7326","targetHints":{"allow":["GET"]}}],"collection":[{"href":"https:\/\/intoleranzkompass.de\/index.php?rest_route=\/wp\/v2\/pages"}],"about":[{"href":"https:\/\/intoleranzkompass.de\/index.php?rest_route=\/wp\/v2\/types\/page"}],"author":[{"embeddable":true,"href":"https:\/\/intoleranzkompass.de\/index.php?rest_route=\/wp\/v2\/users\/1"}],"replies":[{"embeddable":true,"href":"https:\/\/intoleranzkompass.de\/index.php?rest_route=%2Fwp%2Fv2%2Fcomments&post=7326"}],"version-history":[{"count":7,"href":"https:\/\/intoleranzkompass.de\/index.php?rest_route=\/wp\/v2\/pages\/7326\/revisions"}],"predecessor-version":[{"id":7837,"href":"https:\/\/intoleranzkompass.de\/index.php?rest_route=\/wp\/v2\/pages\/7326\/revisions\/7837"}],"wp:attachment":[{"href":"https:\/\/intoleranzkompass.de\/index.php?rest_route=%2Fwp%2Fv2%2Fmedia&parent=7326"}],"curies":[{"name":"wp","href":"https:\/\/api.w.org\/{rel}","templated":true}]}}